{"id":9705,"date":"2022-08-24T04:59:16","date_gmt":"2022-08-24T04:59:16","guid":{"rendered":"https:\/\/summit.paisdigital.org\/?page_id=9705"},"modified":"2022-10-04T14:34:33","modified_gmt":"2022-10-04T17:34:33","slug":"metaverso","status":"publish","type":"page","link":"https:\/\/summit.paisdigital.org\/Summit-FPD\/metaverso\/","title":{"rendered":"Metaverso"},"content":{"rendered":"<p>[vc_row padding_top_multiplier=\u00bb6x\u00bb rc_bg_type=\u00bbimage\u00bb rc_bg_image=\u00bb9898&#8243; rc_bg_color=\u00bb#2c0c62&#8243;][vc_column][vc_row_inner][vc_column_inner width=\u00bb1\/4&#8243;][\/vc_column_inner][vc_column_inner width=\u00bb1\/2&#8243;]<div class=\"grve-element grve-image grve-align-center\">\r\n\t<div class=\"grve-image-item\">\r\n\t\t\r\n\r\n<div class=\"grve-image-wrapper grve-no-effect\">\r\n\t\t<div class=\"grve-thumbnail-wrapper\"  style=\"width: 1278px;\"><div class=\"grve-thumbnail\"  style=\"padding-top: 39.28%;\"><img width=\"1278\" height=\"502\" src=\"https:\/\/summit.paisdigital.org\/Summit-FPD\/wp-content\/uploads\/2022\/09\/metalogo-2.png\" class=\"attachment-full size-full grve-lazy-load lazyload\" alt=\"\" srcset=\"https:\/\/summit.paisdigital.org\/Summit-FPD\/wp-content\/themes\/impeka\/images\/empty\/empty.png\" data-column-space=\"auto\" data-lazyload=\"\" data-grve-filter=\"yes\" data-src=\"https:\/\/summit.paisdigital.org\/Summit-FPD\/wp-content\/uploads\/2022\/09\/metalogo-2.png\" data-sizes=\"auto\" data-srcset=\"https:\/\/summit.paisdigital.org\/Summit-FPD\/wp-content\/uploads\/2022\/09\/metalogo-2.png 1x,https:\/\/summit.paisdigital.org\/Summit-FPD\/wp-content\/uploads\/2022\/09\/metalogo-2.png 2x\" data-expand=\"1\" \/><\/div><\/div>\t<\/div>\r\n\t<\/div>\r\n<\/div>\r\n[\/vc_column_inner][vc_column_inner width=\u00bb1\/4&#8243;][\/vc_column_inner][\/vc_row_inner]<div class=\"grve-empty-space grve-height-1x\"><\/div>[vc_raw_html]JTNDaWZyYW1lJTIwd2lkdGglM0QlMjIxMjgwJTIyJTIwaGVpZ2h0JTNEJTIyNzIwJTIyJTIwc3JjJTNEJTIyaHR0cHMlM0ElMkYlMkZ3d3cueW91dHViZS5jb20lMkZlbWJlZCUyRm5FZ2JrcHpjS1BrJTIyJTIwdGl0bGUlM0QlMjJTYWxhJTIwTWV0YXZlcnNvJTIwUGElQzMlQURzJTIwRGlnaXRhbCUyMC0lMjBNaW52ZXJzbyUyMiUyMGZyYW1lYm9yZGVyJTNEJTIyMCUyMiUyMGFsbG93JTNEJTIyYWNjZWxlcm9tZXRlciUzQiUyMGF1dG9wbGF5JTNCJTIwY2xpcGJvYXJkLXdyaXRlJTNCJTIwZW5jcnlwdGVkLW1lZGlhJTNCJTIwZ3lyb3Njb3BlJTNCJTIwcGljdHVyZS1pbi1waWN0dXJlJTIyJTIwYWxsb3dmdWxsc2NyZWVuJTNFJTNDJTJGaWZyYW1lJTNF[\/vc_raw_html][\/vc_column][\/vc_row][vc_row section_type=\u00bbfullwidth\u00bb padding_top_multiplier=\u00bb3x\u00bb padding_bottom_multiplier=\u00bb3x\u00bb rc_bg_type=\u00bbimage\u00bb rc_bg_image=\u00bb10047&#8243; columns_gap=\u00bb40&#8243; desktop_visibility=\u00bbhide\u00bb tablet_visibility=\u00bbhide\u00bb tablet_sm_visibility=\u00bbhide\u00bb rc_bg_color=\u00bb#2c0c62&#8243;][vc_column text_align=\u00bbcenter\u00bb]<div class=\"grve-empty-space grve-height-2x\"><\/div><div class=\"grve-element grve-image grve-align-center\">\r\n\t<div class=\"grve-image-item\">\r\n\t\t\r\n\r\n<div class=\"grve-image-wrapper grve-no-effect\">\r\n\t\t<div class=\"grve-thumbnail-wrapper\"  style=\"width: 1278px;\"><div class=\"grve-thumbnail\"  style=\"padding-top: 39.28%;\"><img width=\"1278\" height=\"502\" src=\"https:\/\/summit.paisdigital.org\/Summit-FPD\/wp-content\/uploads\/2022\/09\/metalogo-2.png\" class=\"attachment-full size-full grve-lazy-load lazyload\" alt=\"\" srcset=\"https:\/\/summit.paisdigital.org\/Summit-FPD\/wp-content\/themes\/impeka\/images\/empty\/empty.png\" data-column-space=\"auto\" data-lazyload=\"\" data-grve-filter=\"yes\" data-src=\"https:\/\/summit.paisdigital.org\/Summit-FPD\/wp-content\/uploads\/2022\/09\/metalogo-2.png\" data-sizes=\"auto\" data-srcset=\"https:\/\/summit.paisdigital.org\/Summit-FPD\/wp-content\/uploads\/2022\/09\/metalogo-2.png 1x,https:\/\/summit.paisdigital.org\/Summit-FPD\/wp-content\/uploads\/2022\/09\/metalogo-2.png 2x\" data-expand=\"1\" \/><\/div><\/div>\t<\/div>\r\n\t<\/div>\r\n<\/div>\r\n<div class=\"grve-empty-space grve-height-2x\"><\/div><h3 class=\"grve-element grve-title grve-align-center grve-h5 grve-text-white\"><span><br>\n<p style=\"text-align: center;\"><strong>Son infinitas las experiencias inmersivas que nos entrega el Metaverso, de la cual los asistentes a Summit Pa\u00eds Digital podr\u00e1n vivir en un escenario destinado para esta actividad. Un espacio creado para exponer las ventajas de esta tecnolog\u00eda al \u00e1mbito empresarial, laboral y social.<\/strong><br>\n<\/span><\/h3><div class=\"grve-empty-space grve-height-1x\"><\/div>[vc_column_text]<\/p>\n<p style=\"text-align: center;\"><span style=\"color: #ffffff;\">A trav\u00e9s de un visor virtual, los participantes tendr\u00e1n la oportunidad de interactuar, mediante avatares virtuales, entre s\u00ed y grupalmente.<\/span><\/p>\n<p>[\/vc_column_text]<div class=\"grve-empty-space grve-height-1x\"><\/div><h3 class=\"grve-element grve-title grve-align-center grve-h5\" style=\" color: #72e3ff;\"><span><span style=\"color: #80c8ee;\">Vive la experiencia en la SALA METAVERSO en el 10\u00b0 Summit Pa\u00eds Digital<\/span><\/span><\/h3><div class=\"grve-empty-space grve-height-1x\"><\/div>[vc_column_text]<\/p>\n<p style=\"text-align: center;\"><span style=\"color: #ffffff;\"><strong>04 \u00a0&#8211; 05 Oct. 2022<\/strong><\/span><br \/>\n<span style=\"color: #ffffff;\">Cupos limitados<\/span><\/p>\n<p>[\/vc_column_text]<div class=\"grve-empty-space grve-height-1x\"><\/div><div class=\"grve-element grve-align-inherit\"><a href=\"#inscripcion\" class=\"grve-btn grve-round grve-bg-white grve-border-white grve-bg-hover-primary-1 grve-border-hover-primary-1 grve-text-dark-grey grve-text-hover-white grve-btn-large\">\r\n\t\t<span>Reg\u00edstrate aqu\u00ed<\/span>\r\n\t\t\t\t\t\t\t<\/a><\/div>[\/vc_column][\/vc_row][vc_row rc_bg_type=\u00bbimage\u00bb rc_bg_image=\u00bb10138&#8243; rc_bg_image_size=\u00bbfull\u00bb rc_bg_position=\u00bbcenter-top\u00bb][vc_column][vc_row_inner padding_top_multiplier=\u00bb6x\u00bb padding_bottom_multiplier=\u00bb1x\u00bb][vc_column_inner width=\u00bb1\/2&#8243;]<h3 class=\"grve-element grve-title grve-align-inherit grve-h2 grve-text-white\"><span>Metaverso, \u00bfla nueva forma\u00a0de interactuar?<\/span><\/h3><h3 class=\"grve-element grve-title grve-align-inherit grve-h6 grve-with-line grve-top-line grve-text-white\"><span><span style=\"font-weight: 400;\">El metaverso es la evoluci\u00f3n del internet. Permitir\u00e1 estar inmerso y relacionarse virtualmente en diferentes espacios, recreados o 100% virtuales. Transformando significativamente la forma en la cual aprendemos, trabajamos, recreamos, entre muchas otras.<\/span><\/span><span class=\"grve-title-line grve-bg-primary-1\" style=\"width: 50px;height: 2px;\"><\/span><\/h3><div class=\"grve-empty-space grve-height-1x\"><\/div>[\/vc_column_inner][vc_column_inner width=\u00bb1\/2&#8243;][vc_column_text]<img loading=\"lazy\" class=\"alignnone wp-image-9987\" src=\"https:\/\/https:\/\/summit.paisdigital.org\/Summit-FPDSummit-FPD\/wp-content\/uploads\/2022\/09\/logo-acccenture.png\" alt=\"\" width=\"249\" height=\"67\" srcset=\"https:\/\/summit.paisdigital.org\/Summit-FPD\/wp-content\/uploads\/2022\/09\/logo-acccenture.png 490w, https:\/\/summit.paisdigital.org\/Summit-FPD\/wp-content\/uploads\/2022\/09\/logo-acccenture-300x81.png 300w\" sizes=\"(max-width: 249px) 100vw, 249px\" \/>[\/vc_column_text]<div class=\"grve-empty-space grve-height-2x\"><\/div><h3 class=\"grve-element grve-title grve-align-inherit grve-h5 grve-text-white\"><span><b><span lang=\"ES-CL\">Accenture te invita a conocer el metaverso. Esta tecnolog\u00eda revolucionar\u00e1 casi todos los \u00e1mbitos de la vida y la empresa durante la pr\u00f3xima d\u00e9cada, creando nuevas l\u00edneas de negocio y transformando las interacciones entre clientes y empresas.<\/span><\/b><\/span><\/h3><h3 class=\"grve-element grve-title grve-align-inherit grve-h6 grve-with-line grve-top-line grve-text-white\"><span><strong>Accenture<\/strong> es una consultora multinacional que transforma los negocios a trav\u00e9s de las nuevas tecnolog\u00edas. Un ejemplo es el metaverso. Hablamos del continuo del metaverso, ya que estar\u00e1 presente en todos los aspectos de nuestra vida, transformando la forma en que consumimos, aprendemos y sociabilizamos. Contamos con un \u00e1rea dedicada cien por ciento al metaverso, compuesta por m\u00e1s de 800 profesionales, los cuales desarrollan experiencias \u00fanicas a trav\u00e9s del metaverso, para todas las industrias.<\/span><span class=\"grve-title-line grve-bg-primary-1\" style=\"width: 50px;height: 2px;\"><\/span><\/h3>[\/vc_column_inner][\/vc_row_inner][vc_row_inner padding_top_multiplier=\u00bb4x\u00bb padding_bottom_multiplier=\u00bb6x\u00bb][vc_column_inner width=\u00bb1\/2&#8243;][\/vc_column_inner][vc_column_inner width=\u00bb1\/2&#8243;][vc_column_text]<img loading=\"lazy\" class=\"alignnone wp-image-10021 \" src=\"https:\/\/https:\/\/summit.paisdigital.org\/Summit-FPDSummit-FPD\/wp-content\/uploads\/2022\/09\/Minverso.png\" alt=\"\" width=\"184\" height=\"125\" srcset=\"https:\/\/summit.paisdigital.org\/Summit-FPD\/wp-content\/uploads\/2022\/09\/Minverso.png 511w, https:\/\/summit.paisdigital.org\/Summit-FPD\/wp-content\/uploads\/2022\/09\/Minverso-300x203.png 300w\" sizes=\"(max-width: 184px) 100vw, 184px\" \/>[\/vc_column_text]<div class=\"grve-empty-space grve-height-2x\"><\/div><h3 class=\"grve-element grve-title grve-align-inherit grve-h5 grve-text-white\"><span><b>La tecnolog\u00eda Minverso es el primer Metaverso de Miner\u00eda del Mundo<\/b><span style=\"font-weight: 400;\"> creado por un equipo de j\u00f3venes talentos latinoamericanos.<\/span><\/span><\/h3><h3 class=\"grve-element grve-title grve-align-inherit grve-h6 grve-with-line grve-top-line grve-text-white\"><span><b>Minverso es el primer Metaverso de Miner\u00eda del Mundo<\/b>\u00a0creado por un equipo de j\u00f3venes talentos latinoamericanos.<br>\nEsta tecnolog\u00eda de relacionamiento virtual est\u00e1 orientado al servicio de la miner\u00eda mediante el uso y aplicaci\u00f3n de tecnolog\u00edas disruptivas como BIM, IOT, nube de puntos, blockchain, NFT\u2019s, avatares, realidad aumentada, entre otras, posibilitando virtualizar espacios para mejorar la colaboraci\u00f3n, el entrenamiento y la operaci\u00f3n minera.<br \/>\nColaboramos integrando el know-how de nuestros clientes con el apoyo de herramientas tecnol\u00f3gicas, al servicio de resolver principalmente problemas de productividad y seguridad laboral. Impulsando as\u00ed la transformaci\u00f3n digital tanto en la Industria de la Miner\u00eda, como transversalmente.<\/span><span class=\"grve-title-line grve-bg-primary-1\" style=\"width: 50px;height: 2px;\"><\/span><\/h3>[\/vc_column_inner][\/vc_row_inner][\/vc_column][\/vc_row]<\/p>\n","protected":false},"excerpt":{"rendered":"<p>[vc_row padding_top_multiplier=\u00bb6x\u00bb rc_bg_type=\u00bbimage\u00bb rc_bg_image=\u00bb9898&#8243; rc_bg_color=\u00bb#2c0c62&#8243;][vc_column][vc_row_inner][vc_column_inner width=\u00bb1\/4&#8243;][\/vc_column_inner][vc_column_inner width=\u00bb1\/2&#8243;][\/vc_column_inner][vc_column_inner width=\u00bb1\/4&#8243;][\/vc_column_inner][\/vc_row_inner][vc_raw_html]JTNDaWZyYW1lJTIwd2lkdGglM0QlMjIxMjgwJTIyJTIwaGVpZ2h0JTNEJTIyNzIwJTIyJTIwc3JjJTNEJTIyaHR0cHMlM0ElMkYlMkZ3d3cueW91dHViZS5jb20lMkZlbWJlZCUyRm5FZ2JrcHpjS1BrJTIyJTIwdGl0bGUlM0QlMjJTYWxhJTIwTWV0YXZlcnNvJTIwUGElQzMlQURzJTIwRGlnaXRhbCUyMC0lMjBNaW52ZXJzbyUyMiUyMGZyYW1lYm9yZGVyJTNEJTIyMCUyMiUyMGFsbG93JTNEJTIyYWNjZWxlcm9tZXRlciUzQiUyMGF1dG9wbGF5JTNCJTIwY2xpcGJvYXJkLXdyaXRlJTNCJTIwZW5jcnlwdGVkLW1lZGlhJTNCJTIwZ3lyb3Njb3BlJTNCJTIwcGljdHVyZS1pbi1waWN0dXJlJTIyJTIwYWxsb3dmdWxsc2NyZWVuJTNFJTNDJTJGaWZyYW1lJTNF[\/vc_raw_html][\/vc_column][\/vc_row][vc_row section_type=\u00bbfullwidth\u00bb padding_top_multiplier=\u00bb3x\u00bb padding_bottom_multiplier=\u00bb3x\u00bb rc_bg_type=\u00bbimage\u00bb rc_bg_image=\u00bb10047&#8243; columns_gap=\u00bb40&#8243; desktop_visibility=\u00bbhide\u00bb tablet_visibility=\u00bbhide\u00bb tablet_sm_visibility=\u00bbhide\u00bb rc_bg_color=\u00bb#2c0c62&#8243;][vc_column text_align=\u00bbcenter\u00bb][vc_column_text] A trav\u00e9s de un visor virtual, los participantes tendr\u00e1n la oportunidad de interactuar, mediante avatares virtuales, entre s\u00ed y grupalmente. [\/vc_column_text][vc_column_text] 04 \u00a0&#8211; 05 Oct. 2022 Cupos limitados [\/vc_column_text][\/vc_column][\/vc_row][vc_row rc_bg_type=\u00bbimage\u00bb rc_bg_image=\u00bb10138&#8243; rc_bg_image_size=\u00bbfull\u00bb rc_bg_position=\u00bbcenter-top\u00bb][vc_column][vc_row_inner padding_top_multiplier=\u00bb6x\u00bb padding_bottom_multiplier=\u00bb1x\u00bb][vc_column_inner width=\u00bb1\/2&#8243;][\/vc_column_inner][vc_column_inner [&hellip;]<\/p>\n","protected":false},"author":1,"featured_media":0,"parent":0,"menu_order":0,"comment_status":"closed","ping_status":"closed","template":"","meta":[],"_links":{"self":[{"href":"https:\/\/summit.paisdigital.org\/Summit-FPD\/wp-json\/wp\/v2\/pages\/9705"}],"collection":[{"href":"https:\/\/summit.paisdigital.org\/Summit-FPD\/wp-json\/wp\/v2\/pages"}],"about":[{"href":"https:\/\/summit.paisdigital.org\/Summit-FPD\/wp-json\/wp\/v2\/types\/page"}],"author":[{"embeddable":true,"href":"https:\/\/summit.paisdigital.org\/Summit-FPD\/wp-json\/wp\/v2\/users\/1"}],"replies":[{"embeddable":true,"href":"https:\/\/summit.paisdigital.org\/Summit-FPD\/wp-json\/wp\/v2\/comments?post=9705"}],"version-history":[{"count":133,"href":"https:\/\/summit.paisdigital.org\/Summit-FPD\/wp-json\/wp\/v2\/pages\/9705\/revisions"}],"predecessor-version":[{"id":10893,"href":"https:\/\/summit.paisdigital.org\/Summit-FPD\/wp-json\/wp\/v2\/pages\/9705\/revisions\/10893"}],"wp:attachment":[{"href":"https:\/\/summit.paisdigital.org\/Summit-FPD\/wp-json\/wp\/v2\/media?parent=9705"}],"curies":[{"name":"wp","href":"https:\/\/api.w.org\/{rel}","templated":true}]}}